{"id":287,"date":"2020-09-09T15:49:15","date_gmt":"2020-09-09T13:49:15","guid":{"rendered":"http:\/\/www.lusofonia-muenchen.de\/wordpress-2020\/?page_id=287"},"modified":"2023-11-18T21:17:33","modified_gmt":"2023-11-18T20:17:33","slug":"socio-apoiante","status":"publish","type":"page","link":"https:\/\/www.lusofonia-muenchen.de\/pt\/socio-apoiante\/","title":{"rendered":"S\u00f3cio apoiante"},"content":{"rendered":"\n<h1 class=\"wp-block-heading\">S\u00f3cio apoiante<\/h1>\n\n\n\n<div class=\"wp-block-columns spaltenbreite-100prozent-tablet is-layout-flex wp-container-core-columns-layout-1 wp-block-columns-is-layout-flex\">\n<div class=\"wp-block-column is-layout-flow wp-block-column-is-layout-flow\" style=\"flex-basis:66.66%\">\n<p>Gosta de participar nos nossos eventos? Quer apoiar o trabalho da Lusofonia e.V. para a divulga\u00e7\u00e3o das culturas de l\u00edngua portuguesa? Ent\u00e3otorne-se s\u00f3cio apoiante!<\/p>\n\n\n\n<p>A partir de uma quota m\u00ednima anual de 60,-\u20ac pode tornar-se s\u00f3cio apoiante. Tamb\u00e9m pode optar por um valor mais alto. Deste modo assegura uma base financeira s\u00f3lida para o nosso trabalho e contribui para que possamos empreender projetos a longo prazo.<\/p>\n\n\n\n<p>Seu contributo de s\u00f3cio apoiante pode ser, \u00e0 semelhan\u00e7a de um donativo, deduzido dos impostos mediante comprovativo. Pedimos o endere\u00e7o completo no ato da transfer\u00eancia banc\u00e1ria para emitir um documento comprovativo. Muita obrigada!<\/p>\n\n\n\n<p><strong>Fa\u00e7a o download da Ficha de Inscri\u00e7\u00e3o e envie-o preenchido e assinado para o seguinte endere\u00e7o:<\/strong><\/p>\n\n\n\n<p><strong>LUSOFONIA e.V.<br>Presidente: Lu\u00edsa Costa H\u00f6lzl<br>Augustenstr. 50<br>80333 M\u00fcnchen<\/strong><\/p>\n\n\n\n<div class=\"wp-block-buttons is-layout-flex wp-block-buttons-is-layout-flex\">\n<div class=\"wp-block-button is-style-outline\"><a class=\"wp-block-button__link has-orange-color has-text-color wp-element-button\" href=\"https:\/\/www.lusofonia-muenchen.de\/pt\/formulario-membro-apoiante\/\" target=\"_blank\" rel=\"noreferrer noopener\">formulario membro apoiante<\/a><\/div>\n<\/div>\n\n\n\n<div style=\"height:60px\" aria-hidden=\"true\" class=\"wp-block-spacer\"><\/div>\n\n\n\n<p>Seus dados ser\u00e3o tratados confidencialmente e utilizados exclusivamente para apoiar os objetivos da associa\u00e7\u00e3o. Como s\u00f3cio apoiante ter\u00e1 acesso privilegiado a informa\u00e7\u00f5es sobre os nossos eventos, indicando-nos o seu endere\u00e7o electr\u00f3nico.<\/p>\n\n\n\n<p>LUSOFONIA e.V. \u00e9 desde 2009 uma associa\u00e7\u00e3o registada e reconhecida como de utilidade p\u00fablica para a divulga\u00e7\u00e3o das culturas de l\u00edngua portuguesa. O trabalho \u00e9 volunt\u00e1rio e financiado atrav\u00e9s de quotas, donativos e fundos p\u00fablicos.<\/p>\n<\/div>\n\n\n\n<div class=\"wp-block-column is-layout-flow wp-block-column-is-layout-flow\" style=\"flex-basis:33.33%\"><\/div>\n<\/div>\n","protected":false},"excerpt":{"rendered":"<p>S\u00f3cio apoiante Gosta de participar nos nossos eventos? Quer apoiar o trabalho da Lusofonia e.V. para a divulga\u00e7\u00e3o das culturas de l\u00edngua portuguesa? Ent\u00e3otorne-se s\u00f3cio apoiante! A partir de uma quota m\u00ednima anual de 60,-\u20ac pode tornar-se s\u00f3cio apoiante. Tamb\u00e9m pode optar por um valor mais alto. Deste modo assegura uma base financeira s\u00f3lida para [&hellip;]<\/p>\n","protected":false},"author":1,"featured_media":0,"parent":0,"menu_order":0,"comment_status":"closed","ping_status":"closed","template":"","meta":{"_acf_changed":false,"inline_featured_image":false,"footnotes":""},"acf":[],"_links":{"self":[{"href":"https:\/\/www.lusofonia-muenchen.de\/pt\/wp-json\/wp\/v2\/pages\/287"}],"collection":[{"href":"https:\/\/www.lusofonia-muenchen.de\/pt\/wp-json\/wp\/v2\/pages"}],"about":[{"href":"https:\/\/www.lusofonia-muenchen.de\/pt\/wp-json\/wp\/v2\/types\/page"}],"author":[{"embeddable":true,"href":"https:\/\/www.lusofonia-muenchen.de\/pt\/wp-json\/wp\/v2\/users\/1"}],"replies":[{"embeddable":true,"href":"https:\/\/www.lusofonia-muenchen.de\/pt\/wp-json\/wp\/v2\/comments?post=287"}],"version-history":[{"count":11,"href":"https:\/\/www.lusofonia-muenchen.de\/pt\/wp-json\/wp\/v2\/pages\/287\/revisions"}],"predecessor-version":[{"id":2244,"href":"https:\/\/www.lusofonia-muenchen.de\/pt\/wp-json\/wp\/v2\/pages\/287\/revisions\/2244"}],"wp:attachment":[{"href":"https:\/\/www.lusofonia-muenchen.de\/pt\/wp-json\/wp\/v2\/media?parent=287"}],"curies":[{"name":"wp","href":"https:\/\/api.w.org\/{rel}","templated":true}]}}