{"id":96,"date":"2020-09-07T00:35:54","date_gmt":"2020-09-06T22:35:54","guid":{"rendered":"http:\/\/www.lusofonia-muenchen.de\/wordpress-2020\/?page_id=96"},"modified":"2021-11-07T10:42:36","modified_gmt":"2021-11-07T09:42:36","slug":"contacto","status":"publish","type":"page","link":"https:\/\/www.lusofonia-muenchen.de\/pt\/contacto\/","title":{"rendered":"Contacto"},"content":{"rendered":"\n<h1 class=\"wp-block-heading\">Contacto<\/h1>\n\n\n\n<div class=\"wp-block-columns spaltenbreite-100prozent-tablet is-layout-flex wp-container-core-columns-layout-1 wp-block-columns-is-layout-flex\">\n<div class=\"wp-block-column is-layout-flow wp-block-column-is-layout-flow\" style=\"flex-basis:66.66%\">\n<h2 class=\"wp-block-heading\">LUSOFONIA e.V.<\/h2>\n\n\n\n<p>Presidente: Lu\u00edsa Costa H\u00f6lzl<br>Augustenstr. 50<br>80333 Munique<br>Alemanha<\/p>\n\n\n\n<p>Telefone <a href=\"tel:0049895233694\">+49 (0)89 52 33 694<\/a><br>Fax +49 (0)89 54 20 738<\/p>\n\n\n\n<p>Se desejar ser informado antecipadamente sobre a nossa programa\u00e7\u00e3o envie-nos um <a href=\"mailto:info@lusofonia-muenchen.de\">email<\/a> e o seu endere\u00e7o ser\u00e1 colocado na nossa rede de distribui\u00e7\u00e3o.<\/p>\n\n\n\n<p>Caso esteja interessado em cooperar connosco contacte-nos, as suas ideias s\u00e3o bem-vindas.<\/p>\n\n\n\n<p>Informamos todos os que desejam apoiar o nosso trabalho: Temos o estatuto de membro benfeitor e pode fazer um donativo.<\/p>\n\n\n\n<p><strong>IDENTIFICA\u00c7\u00c3O BANC\u00c1RIA<br><\/strong>LUSOFONIA e.V.<br>IBAN: DE75 7509 0300 0002 1228 80<br>BIC: GENODEF1M05<br>LIGA Bank M\u00fcnchen<\/p>\n\n\n\n<p>Todos os donativos podem ser deduzidos dos impostos mediante comprovativo. At\u00e9 \u20ac 200 basta o extrato banc\u00e1rio, acima desse valor a associa\u00e7\u00e3o emite um documento comprovativo, para isso necessitamos o endere\u00e7o completo no ato da transfer\u00eancia banc\u00e1ria. Muito obrigada.<\/p>\n<\/div>\n\n\n\n<div class=\"wp-block-column is-layout-flow wp-block-column-is-layout-flow\" style=\"flex-basis:33.33%\"><\/div>\n<\/div>\n","protected":false},"excerpt":{"rendered":"<p>Contacto LUSOFONIA e.V. Presidente: Lu\u00edsa Costa H\u00f6lzlAugustenstr. 5080333 MuniqueAlemanha Telefone +49 (0)89 52 33 694Fax +49 (0)89 54 20 738 Se desejar ser informado antecipadamente sobre a nossa programa\u00e7\u00e3o envie-nos um email e o seu endere\u00e7o ser\u00e1 colocado na nossa rede de distribui\u00e7\u00e3o. Caso esteja interessado em cooperar connosco contacte-nos, as suas ideias s\u00e3o bem-vindas. [&hellip;]<\/p>\n","protected":false},"author":1,"featured_media":0,"parent":0,"menu_order":0,"comment_status":"closed","ping_status":"closed","template":"","meta":{"_acf_changed":false,"inline_featured_image":false,"footnotes":""},"acf":[],"_links":{"self":[{"href":"https:\/\/www.lusofonia-muenchen.de\/pt\/wp-json\/wp\/v2\/pages\/96"}],"collection":[{"href":"https:\/\/www.lusofonia-muenchen.de\/pt\/wp-json\/wp\/v2\/pages"}],"about":[{"href":"https:\/\/www.lusofonia-muenchen.de\/pt\/wp-json\/wp\/v2\/types\/page"}],"author":[{"embeddable":true,"href":"https:\/\/www.lusofonia-muenchen.de\/pt\/wp-json\/wp\/v2\/users\/1"}],"replies":[{"embeddable":true,"href":"https:\/\/www.lusofonia-muenchen.de\/pt\/wp-json\/wp\/v2\/comments?post=96"}],"version-history":[{"count":3,"href":"https:\/\/www.lusofonia-muenchen.de\/pt\/wp-json\/wp\/v2\/pages\/96\/revisions"}],"predecessor-version":[{"id":1711,"href":"https:\/\/www.lusofonia-muenchen.de\/pt\/wp-json\/wp\/v2\/pages\/96\/revisions\/1711"}],"wp:attachment":[{"href":"https:\/\/www.lusofonia-muenchen.de\/pt\/wp-json\/wp\/v2\/media?parent=96"}],"curies":[{"name":"wp","href":"https:\/\/api.w.org\/{rel}","templated":true}]}}